{"id":430,"date":"2010-01-10T15:44:44","date_gmt":"2010-01-10T14:44:44","guid":{"rendered":"http:\/\/www.claudia-klinger.de\/digidiary\/?page_id=430"},"modified":"2015-08-12T16:22:14","modified_gmt":"2015-08-12T14:22:14","slug":"meistkommentierte-artikel","status":"publish","type":"page","link":"https:\/\/www.claudia-klinger.de\/digidiary\/meistkommentierte-artikel\/","title":{"rendered":"Meistkommentierte Artikel"},"content":{"rendered":"<p>Diese Seite zeigt so manche Kommentargespr\u00e4che, die wahrlich ein Denkmal verdient h\u00e4tten: engagiert, geistreich, tief sch\u00fcrfend, kunstvoll, \u00fanterhaltend, ber\u00fchrend, auch in der Kontroverse noch immer respektvoll &#8211; allein, dass es solche Gespr\u00e4che gibt, lohnt das Bloggen!<\/p>\n<p>(Da das Digital Diary erst seit 2006 auf WordPress l\u00e4uft, sind naturgem\u00e4\u00df fr\u00fchere Artikel von dieser Z\u00e4hlung nicht erfasst)<\/p>","protected":false},"excerpt":{"rendered":"<p>Diese Seite zeigt so manche Kommentargespr\u00e4che, die wahrlich ein Denkmal verdient h\u00e4tten: engagiert, geistreich, tief sch\u00fcrfend, kunstvoll, \u00fanterhaltend, ber\u00fchrend, auch in der Kontroverse noch immer respektvoll &#8211; allein, dass es solche Gespr\u00e4che gibt, lohnt das Bloggen! (Da das Digital Diary erst seit 2006 auf WordPress l\u00e4uft, sind naturgem\u00e4\u00df fr\u00fchere Artikel von dieser Z\u00e4hlung nicht erfasst)<\/p>\n","protected":false},"author":1,"featured_media":0,"parent":0,"menu_order":0,"comment_status":"open","ping_status":"closed","template":"meistkommentiert-02.php","meta":[],"post_mailing_queue_ids":[],"_links":{"self":[{"href":"https:\/\/www.claudia-klinger.de\/digidiary\/wp-json\/wp\/v2\/pages\/430"}],"collection":[{"href":"https:\/\/www.claudia-klinger.de\/digidiary\/wp-json\/wp\/v2\/pages"}],"about":[{"href":"https:\/\/www.claudia-klinger.de\/digidiary\/wp-json\/wp\/v2\/types\/page"}],"author":[{"embeddable":true,"href":"https:\/\/www.claudia-klinger.de\/digidiary\/wp-json\/wp\/v2\/users\/1"}],"replies":[{"embeddable":true,"href":"https:\/\/www.claudia-klinger.de\/digidiary\/wp-json\/wp\/v2\/comments?post=430"}],"version-history":[{"count":0,"href":"https:\/\/www.claudia-klinger.de\/digidiary\/wp-json\/wp\/v2\/pages\/430\/revisions"}],"wp:attachment":[{"href":"https:\/\/www.claudia-klinger.de\/digidiary\/wp-json\/wp\/v2\/media?parent=430"}],"curies":[{"name":"wp","href":"https:\/\/api.w.org\/{rel}","templated":true}]}}