{"id":3062,"date":"2020-04-21T12:36:56","date_gmt":"2020-04-21T10:36:56","guid":{"rendered":"https:\/\/www.claudia-klinger.de\/digidiary\/?page_id=3062"},"modified":"2020-04-21T12:54:40","modified_gmt":"2020-04-21T10:54:40","slug":"linkliste-fuers-wesentliche","status":"publish","type":"page","link":"https:\/\/www.claudia-klinger.de\/digidiary\/linkliste-fuers-wesentliche\/","title":{"rendered":"Linkliste f\u00fcrs Wesentliche"},"content":{"rendered":"<p>Eine Linkliste mit Diary-Beitr\u00e4gen zu Themen, die das Wesentliche im Leben umkreisen. In der Reihenfolge des Erscheinens, neuere oben, \u00e4ltere unten.<br \/>\n<img decoding=\"async\" loading=\"lazy\" src=\"https:\/\/www.claudia-klinger.de\/digidiary\/wp-content\/uploads\/2018\/03\/zenkreis.jpg\" alt=\"\" width=\"83\" height=\"80\" class=\"alignright size-full wp-image-2593\" \/><\/p>\n<ul>\n<li><a href=\"https:\/\/www.claudia-klinger.de\/digidiary\/2017\/01\/17\/gibt-es-das-wahre-selbst\/\">Gibt es das \u201ewahre Selbst\u201c?<\/a><\/li>\n<li><a href=\"https:\/\/www.claudia-klinger.de\/digidiary\/2016\/07\/31\/was-tun-gegen-angst-trauer-und-hass\/\">Was tun gegen Angst, Trauer und Hass? Versuch einer Antwort<\/a><\/li>\n<li><a href=\"https:\/\/www.claudia-klinger.de\/digidiary\/2015\/06\/02\/vom-sinn-des-lebens-nur-fressen-ficken-saufen\/\">Vom Sinn des Lebens: nur \u201efressen, ficken, saufen\u201c ?<\/a><\/li>\n<li><a href=\"https:\/\/www.claudia-klinger.de\/digidiary\/2014\/06\/18\/der-schleier-der-hormone-abenteuer-altern\/\">Der Schleier der Hormone \u2013 Abenteuer Altern<\/a><\/li>\n<li><a href=\"https:\/\/www.claudia-klinger.de\/digidiary\/2013\/10\/01\/woher-kommt-der-sinn-im-leben\/\">Woher kommt der Sinn im Leben?<\/a><\/li>\n<li><a href=\"https:\/\/www.claudia-klinger.de\/digidiary\/2012\/11\/08\/lieben-heist-mitfuhlen-und-auch-mitleiden\/\">Lieben hei\u00dft mitf\u00fchlen \u2013 und auch mitleiden<\/a><\/li>\n<li><a href=\"https:\/\/www.claudia-klinger.de\/digidiary\/2012\/08\/21\/wer-bin-ich-nichts-bestimmtes\/\">Wer bin ich? Nichts bestimmtes\u2026<\/a><\/li>\n<li><a href=\"https:\/\/www.claudia-klinger.de\/digidiary\/2012\/02\/19\/form-ist-leere-na-und\/\">Form ist Leere \u2013 na und?<\/a><\/li>\n<li><a href=\"https:\/\/www.claudia-klinger.de\/digidiary\/2011\/11\/23\/ueber-erwartungen-und-ein-psycho-spirituelles-missverstaendnis\/\">\u00dcber Erwartungen \u2013 und ein psycho-spirituelles Missverst\u00e4ndnis<\/a><\/li>\n<li><a href=\"https:\/\/www.claudia-klinger.de\/digidiary\/2009\/08\/21\/gefuehle-und-bewegung\/\">Gef\u00fchle und Bewegung<\/a><\/li>\n<li><a href=\"https:\/\/www.claudia-klinger.de\/digidiary\/2008\/04\/28\/lebenskunst-vom-ungluecklichen-bewusstsein-und-der-schreckensherrschaft-des-verstandes\/\">Lebenskunst: Vom ungl\u00fccklichen Bewusstsein und der Schreckensherrschaft des Verstandes<\/a><\/li>\n<li><a href=\"https:\/\/www.claudia-klinger.de\/digidiary\/2008\/01\/03\/die-edle-wahrheit-vom-leiden\/\">Die edle Wahrheit vom Leiden &#8211; War der Buddha ein Weichei?<\/a><\/li>\n<li><a href=\"https:\/\/www.claudia-klinger.de\/digidiary\/2007\/08\/07\/spiritueller-materialismus\/\">Spiritueller Materialismus<\/a> &#8211; Worum geht es eigentlich in diesem Leben?<\/li>\n<li><a href=\"https:\/\/www.claudia-klinger.de\/digidiary\/2007\/05\/26\/von-der-zumutung-ein-mensch-zu-sein\/\">Von der Zumutung, ein Mensch zu sein<\/a> &#8211; zu Pfingsten<\/li>\n<li><a href=\"https:\/\/www.claudia-klinger.de\/digidiary\/2007\/03\/27\/die-eigene-welt-erschaffen\/\">Die eigene Welt erschaffen?<\/a><\/li>\n<li><a href=\"https:\/\/www.claudia-klinger.de\/digidiary\/2007\/03\/21\/mich-selbst-erkennen\/\">Mich selbst erkennen<\/a><\/li>\n<li><a href=\"https:\/\/www.claudia-klinger.de\/digidiary\/2006\/06\/01\/koenig-alkohol-der-kontrollversuch-ist-der-kontrollverlust\/\">K\u00f6nig Alkohol &#8211; Der Kontrollversuch ist der Kontrollverlust<\/a> und <a href=\"https:\/\/www.claudia-klinger.de\/digidiary\/2006\/06\/13\/koenig-alkohol-teil-2\/\">Teil 2<\/a><\/li>\n<li><a href=\"https:\/\/www.claudia-klinger.de\/digidiary\/2005\/11\/02\/statusmeldung-von-der-schwierigkeit-in-bewegung-zu-bleiben\/\">Statusmeldung: Von der Schwierigkeit, in Bewegung zu bleiben<\/a><\/li>\n<li><a href=\"https:\/\/www.claudia-klinger.de\/digidiary\/2005\/10\/17\/von-der-macht-der-worte-und-der-kraft-des-schweigens\/\">Von der Macht der Worte und der Kraft des Schweigens<\/a> &#8211; mit Erkenntnissen f\u00fcr den Umgang mit Andersdenkenden.<\/li>\n<li><a href=\"https:\/\/www.claudia-klinger.de\/digidiary\/2005\/09\/28\/nichts-bleibt-wie-es-war\/\">Nichts bleibt, wie es war &#8211; \u00dcber den Umgang mit Ver\u00e4nderungen und Verlusten<\/a> &#8211; mit krassem R\u00fcckblick in die Kindheit<\/li>\n<li><a href=\"https:\/\/www.claudia-klinger.de\/digidiary\/2005\/02\/03\/blicke-nach-drinnen\/\">Blicke nach drinnen<\/a><\/li>\n<\/ul>\n<p>In Bearbeitung &#8211; wenn ich dazu komme, werde ich noch kurze Anreisser zu den Artikeln schreiben, evtl. noch \u00e4ltere dazu nehmen.<\/p>\n<p>Zwei Artikel stehen au\u00dferhalb, geh\u00f6ren aber zum Thema:<\/p>\n<ul>\n<li><a href=\"https:\/\/www.claudia-klinger.de\/entspann.htm\">Entspannung<\/a> &#8211; Jenseits des &#8222;Um zu&#8220;<\/li>\n<li><a href=\"https:\/\/www.claudia-klinger.de\/digidiary\/meditation.html\">Kleine Meditation f\u00fcr genervte Sinn- und Selbstsucher<\/a><\/li>\n<\/ul>","protected":false},"excerpt":{"rendered":"<p>Eine Linkliste mit Diary-Beitr\u00e4gen zu Themen, die das Wesentliche im Leben umkreisen. In der Reihenfolge des Erscheinens, neuere oben, \u00e4ltere unten. Gibt es das \u201ewahre Selbst\u201c? Was tun gegen Angst, Trauer und Hass? Versuch einer Antwort Vom Sinn des Lebens: nur \u201efressen, ficken, saufen\u201c ? Der Schleier der Hormone \u2013 Abenteuer Altern Woher kommt der [&hellip;]<\/p>\n","protected":false},"author":1,"featured_media":0,"parent":0,"menu_order":0,"comment_status":"open","ping_status":"closed","template":"","meta":[],"post_mailing_queue_ids":[],"_links":{"self":[{"href":"https:\/\/www.claudia-klinger.de\/digidiary\/wp-json\/wp\/v2\/pages\/3062"}],"collection":[{"href":"https:\/\/www.claudia-klinger.de\/digidiary\/wp-json\/wp\/v2\/pages"}],"about":[{"href":"https:\/\/www.claudia-klinger.de\/digidiary\/wp-json\/wp\/v2\/types\/page"}],"author":[{"embeddable":true,"href":"https:\/\/www.claudia-klinger.de\/digidiary\/wp-json\/wp\/v2\/users\/1"}],"replies":[{"embeddable":true,"href":"https:\/\/www.claudia-klinger.de\/digidiary\/wp-json\/wp\/v2\/comments?post=3062"}],"version-history":[{"count":0,"href":"https:\/\/www.claudia-klinger.de\/digidiary\/wp-json\/wp\/v2\/pages\/3062\/revisions"}],"wp:attachment":[{"href":"https:\/\/www.claudia-klinger.de\/digidiary\/wp-json\/wp\/v2\/media?parent=3062"}],"curies":[{"name":"wp","href":"https:\/\/api.w.org\/{rel}","templated":true}]}}